{"id":22,"date":"2019-04-13T09:32:16","date_gmt":"2019-04-13T09:32:16","guid":{"rendered":"https:\/\/judo-tg04.de\/wordpress\/?page_id=22"},"modified":"2023-11-27T19:32:43","modified_gmt":"2023-11-27T19:32:43","slug":"ueber-uns-judo","status":"publish","type":"page","link":"https:\/\/judo-tg04.de\/index.php\/ueber-uns-judo\/","title":{"rendered":"\u00dcber Uns"},"content":{"rendered":"\n<p>Wir sind die \u00e4lteste Kampfsportabteilung der TG04 Limburgerhof.&nbsp;<\/p>\n\n\n\n<p>Links:<br><a href=\"http:\/\/www.tg04.de\/index.php\">Website der TG04 Limburgerhof<\/a><\/p>\n\n\n\n<p><a href=\"http:\/\/www.tg04.de\/index.php\/verein\/mitglied-werden\">Infos zur Mitgliedschaft<\/a><\/p>\n\n\n\n<p>Die Judoabteilung wurde am 1. M\u00e4rz 1976 gegr\u00fcndet und in den Judoverband Pfalz aufgenommen. Seitdem werden Kinder, Jugendliche und Erwachsene in der Sportart Judo unterrichtet und trainiert. Im Augenblick haben wir rund 70 Mitglieder und bieten zwei <strong>Judo &#8211; Trainingseinheiten<\/strong> pro Woche f\u00fcr Kinder und Jugendliche ab 6,5 Jahren an. F\u00fcr Jugendliche ab 14 Jahren und Erwachsene bieten wir 1x pro Woche <strong>Selbstverteidigung<\/strong> und Judo an.<\/p>\n\n\n\n<p>Als Vorbereitung f\u00fcr unsere Anf\u00e4nger ab 6,5 Jahre bietet die TG04 Limburgerhof f\u00fcr Kinder ab 3 Jahre Kinderturnen an. Weitere Informationen dazu&nbsp;<a href=\"http:\/\/www.tg04.de\/index.php\/kinder-ab-3-jahre\">hier<\/a><\/p>\n\n\n\n<p><strong>Was euch bei uns erwartet?<\/strong><\/p>\n\n\n\n<p><strong>Wir machen euch fit mit Judotraining!&nbsp; Das ist<\/strong>:<\/p>\n\n\n\n<ul class=\"wp-block-list\">\n<li><strong>ein perfektes Ganzk\u00f6rpertraining<\/strong><\/li>\n<\/ul>\n\n\n\n<p>Mit Hilfe von Sportspielen und grundlegenden&nbsp; Turn\u00fcbungen werden Gleichgewicht, K\u00f6rpergef\u00fchl, Kraft und Koordination aufgebaut. Eine wichtige Voraussetzung f\u00fcr effektives, verletzungsfreies und erfolgreiches K\u00e4mpfen und f\u00fcr eine gesunde Entwicklung!<\/p>\n\n\n\n<ul class=\"wp-block-list\">\n<li><strong>Lernen von Fall-, Wurf- und Bodentechniken<\/strong><\/li>\n<\/ul>\n\n\n\n<p>Angepasst an Alter und Fortschritt lehren wir im Training Fall- Wurf- und Bodentechniken. Diese werden mit Zweikampf- und Gruppenspielen ge\u00fcbt.<\/p>\n\n\n\n<ul class=\"wp-block-list\">\n<li><strong>Randori \u2013 \u00dcbungskampf<\/strong><\/li>\n<\/ul>\n\n\n\n<p>Das darf nat\u00fcrlich in keinem Training fehlen. Dabei werden die erlernten Techniken angewendet: Denn auch das Angreifen (K\u00e4mpfen) muss ge\u00fcbt werden, es muss Mut und Entschlossenheit aufgebracht werden, sich dem Gegner zu n\u00e4hern, ihn zu greifen und zu werfen. Denn auch der Gegner hat Judotechniken gelernt und so entscheidet Genauigkeit, Geschwindigkeit, Kraft und Entschlossenheit \u00fcber den Erfolg im Zweikampf.<\/p>\n\n\n\n<ul class=\"wp-block-list\">\n<li><strong>gegenseitiges Helfen, gemeinsames Lernen, ernsthaftes Training<\/strong><\/li>\n<\/ul>\n\n\n\n<p>Judo ist ein Partnersport, Judo kann nur gemeinschaftlich mit einem kooperierenden Partner gelernt und ge\u00fcbt werden. Zum Erfolg kommt nur, wer ernsthaft und diszipliniert nach Jigoro Kanos Prinzip des \u201eGegenseitiges Helfens und Verstehens zum beiderseitigen Fortschritt und Wohlergehen\u201c trainiert. Der deutsche Judo-Bund hat dazu 10 Judowerte formuliert:&nbsp; Hilfsbereitschaft, Ehrlichkeit, Mut, Ernsthaftigkeit, Selbstbeherrschung, Bescheidenheit, Respekt, Wertsch\u00e4tzung, H\u00f6flichkeit und Freundschaft. Gegenseitige Achtung, Vertrauen und Fairness stehen in unserem Training an oberster Stelle.<\/p>\n\n\n\n<ul class=\"wp-block-list\">\n<li><strong>gemeinsames Training mit Judoka aus befreundeten Vereinen<\/strong><\/li>\n<\/ul>\n\n\n\n<p>Wir schauen \u00fcber den eigenen Tellerrand hinaus, wir lernen andere Judoka kennen und lernen, \u00fcben und k\u00e4mpfen mit Judoka aus anderen Vereinen. Wir treffen uns dazu regelm\u00e4\u00dfig zum Training mit anderen Vereinen.<\/p>\n\n\n\n<ul class=\"wp-block-list\">\n<li><strong>regelm\u00e4\u00dfige G\u00fcrtelpr\u00fcfungen<\/strong><\/li>\n<\/ul>\n\n\n\n<p>Wer flei\u00dfig und regelm\u00e4\u00dfig trainiert, kann bei einer G\u00fcrtelpr\u00fcfung nachweisen, dass er die Voraussetzungen f\u00fcr die n\u00e4chst h\u00f6here G\u00fcrtelstufe erf\u00fcllt.<\/p>\n\n\n\n<ul class=\"wp-block-list\">\n<li><strong>Teilnahme an regionalen Wettk\u00e4mpfen<\/strong><\/li>\n<\/ul>\n\n\n\n<p>Judotechniken sind kein Selbstzweck. Wettk\u00e4mpfe dienen dazu, die erlernten Techniken zu erproben. Sie bieten die M\u00f6glichkeiten sich mit anderen zu messen. K\u00e4mpfen macht Spa\u00df! K\u00e4mpfen schult den Umgang mit Sieg und Niederlage.<\/p>\n\n\n\n<ul class=\"wp-block-list\">\n<li><strong>viel Freude und Spa\u00df am gemeinsamen Training<\/strong><\/li>\n<\/ul>\n\n\n\n<p>Judo ist ein gro\u00dfartiger Kampfsport, bei dem wir gemeinsam trainieren, fair gegeneinander k\u00e4mpfen, daraus alle gemeinsam lernen und nat\u00fcrlich viel Freude und Spa\u00df miteinander haben.<strong><br><\/strong><\/p>\n\n\n\n<p><strong>Wir machen Euch fit mit Selbstverteidigungstraining:<\/strong><\/p>\n\n\n\n<p>Unser Selbstverteidigungstraining basiert auf Elementen aus verschiedenen Kampfsportarten.<\/p>\n\n\n\n<p>Judo, Aikido und anderen. Im Vordergrund steht das Erlernen einfacher Techniken.<\/p>\n\n\n\n<p>Die Verteidigungstechniken werden ge\u00fcbt und automatisiert, bis sie schlie\u00dflich im Ernstfall auch eingesetzt werden k\u00f6nnten. Dies ist ein gro\u00dfer Vorteil gegen\u00fcber zeitlich begrenzten Selbstverteidigungsangeboten, bei denen durch die&nbsp; begrenzte Kurs-Zeit eine Automatisierung der Bewegung kaum erreichbar ist. Um sich erfolgreich verteidigen zu k\u00f6nnen, ist sowohl eine k\u00f6rperliche als auch eine mentale Fitness erforderlich. Deshalb beinhaltet jede Trainingseinheit Fitness\u00fcbungen. Auch eine Hinf\u00fchrung zur Fallschule f\u00fcr Erwachsene fehlt in unserem Training nicht.<\/p>\n\n\n\n<p><strong>Was euch sonst noch bei uns erwartet:<\/strong><\/p>\n\n\n\n<p>Vorf\u00fchrungen anl\u00e4sslich von Tagen der offenen T\u00fcr, von Ehrungsabenden oder einem Stadtfest. Die Judovorf\u00fchrungen werden im Training einstudiert.<\/p>\n\n\n\n<p>Eine Weihnachtsfeier, gemeinsame Ausfl\u00fcge, Teilnahme am Sportabzeichen des LSB, an Ortsmeisterschaften in Schwimmen und Leichtathletik und die Durchf\u00fchrung einer j\u00e4hrlichen Judosafari.<\/p>\n\n\n\n<h4 class=\"wp-block-heading\"><\/h4>\n\n\n\n<p><\/p>\n\n\n\n<p><\/p>\n\n\n\n<p><\/p>\n\n\n\n<hr class=\"wp-block-separator has-css-opacity\"\/>\n","protected":false},"excerpt":{"rendered":"<p>Wir sind die \u00e4lteste Kampfsportabteilung der TG04 Limburgerhof.&nbsp; Links:Website der TG04 Limburgerhof Infos zur Mitgliedschaft Die Judoabteilung wurde am 1. M\u00e4rz 1976 gegr\u00fcndet und in den Judoverband Pfalz aufgenommen. Seitdem werden Kinder, Jugendliche und Erwachsene in der Sportart Judo unterrichtet und trainiert. Im Augenblick haben wir rund 70 Mitglieder und bieten zwei Judo &#8211; Trainingseinheiten [&hellip;]<\/p>\n","protected":false},"author":1,"featured_media":0,"parent":0,"menu_order":0,"comment_status":"closed","ping_status":"closed","template":"","meta":{"footnotes":""},"class_list":["post-22","page","type-page","status-publish","hentry","missing-thumbnail"],"_links":{"self":[{"href":"https:\/\/judo-tg04.de\/index.php\/wp-json\/wp\/v2\/pages\/22","targetHints":{"allow":["GET"]}}],"collection":[{"href":"https:\/\/judo-tg04.de\/index.php\/wp-json\/wp\/v2\/pages"}],"about":[{"href":"https:\/\/judo-tg04.de\/index.php\/wp-json\/wp\/v2\/types\/page"}],"author":[{"embeddable":true,"href":"https:\/\/judo-tg04.de\/index.php\/wp-json\/wp\/v2\/users\/1"}],"replies":[{"embeddable":true,"href":"https:\/\/judo-tg04.de\/index.php\/wp-json\/wp\/v2\/comments?post=22"}],"version-history":[{"count":9,"href":"https:\/\/judo-tg04.de\/index.php\/wp-json\/wp\/v2\/pages\/22\/revisions"}],"predecessor-version":[{"id":559,"href":"https:\/\/judo-tg04.de\/index.php\/wp-json\/wp\/v2\/pages\/22\/revisions\/559"}],"wp:attachment":[{"href":"https:\/\/judo-tg04.de\/index.php\/wp-json\/wp\/v2\/media?parent=22"}],"curies":[{"name":"wp","href":"https:\/\/api.w.org\/{rel}","templated":true}]}}