{"id":2,"date":"2019-03-12T18:22:36","date_gmt":"2019-03-12T18:22:36","guid":{"rendered":"https:\/\/judo-tg04.de\/wordpress\/?page_id=2"},"modified":"2025-10-13T18:08:28","modified_gmt":"2025-10-13T18:08:28","slug":"sample-page","status":"publish","type":"page","link":"https:\/\/judo-tg04.de\/","title":{"rendered":"Judo TG04 Limburgerhof"},"content":{"rendered":"\n<h1 class=\"wp-block-heading has-text-align-left\">Termine<\/h1>\n\n\n\n<p><a href=\"https:\/\/widgets.yolawo.de\/w\/63fa3815b7790311912fc36f\" data-type=\"link\" data-id=\"https:\/\/widgets.yolawo.de\/w\/63fa3815b7790311912fc36f\">Beginn n\u00e4chstes Probetraining f\u00fcr alle ab 6,5 Jahren im 1. Quartal 2026<\/a><\/p>\n\n\n\n<p>Pfalzpokal 30\/31.5.2026<\/p>\n\n\n\n<hr class=\"wp-block-separator has-css-opacity\"\/>\n\n\n\n<blockquote class=\"wp-block-quote is-layout-flow wp-block-quote-is-layout-flow\">\n<p>Die \u00e4lteste Kampfsportabteilung der TG 04 wurde am 1. M\u00e4rz 1976 gegr\u00fcndet und im Judoverband Pfalz als Mitglied aufgenommen. <\/p>\n<\/blockquote>\n\n\n\n<p><\/p>\n\n\n\n<blockquote class=\"wp-block-quote is-layout-flow wp-block-quote-is-layout-flow\">\n<p> <br><strong>Judo<\/strong>&nbsp;(jap. \u67d4\u9053 j\u016bd\u014d [erste Silbe stimmhaft: d\u0292\u026f\u02d0do\u02d0] w\u00f6rtlich \u201asanfter\/flexibler Weg\u2018, abgeleitet von j\u016b \u201asanft\u2018, \u201anachgiebig\u2018, \u201aflexibel\u2018 und d\u014d \u201aWeg\u2018) ist eine japanische Kampfsportart, deren Prinzip \u201eSiegen durch Nachgeben\u201c beziehungsweise \u201emaximale Wirkung bei einem Minimum an Aufwand\u201c ist. <\/p>\n<\/blockquote>\n\n\n\n<p><\/p>\n","protected":false},"excerpt":{"rendered":"<p>Termine Beginn n\u00e4chstes Probetraining f\u00fcr alle ab 6,5 Jahren im 1. Quartal 2026 Pfalzpokal 30\/31.5.2026 Die \u00e4lteste Kampfsportabteilung der TG 04 wurde am 1. M\u00e4rz 1976 gegr\u00fcndet und im Judoverband Pfalz als Mitglied aufgenommen. Judo&nbsp;(jap. \u67d4\u9053 j\u016bd\u014d [erste Silbe stimmhaft: d\u0292\u026f\u02d0do\u02d0] w\u00f6rtlich \u201asanfter\/flexibler Weg\u2018, abgeleitet von j\u016b \u201asanft\u2018, \u201anachgiebig\u2018, \u201aflexibel\u2018 und d\u014d \u201aWeg\u2018) ist eine [&hellip;]<\/p>\n","protected":false},"author":1,"featured_media":0,"parent":0,"menu_order":0,"comment_status":"closed","ping_status":"open","template":"","meta":{"footnotes":""},"class_list":["post-2","page","type-page","status-publish","hentry","missing-thumbnail"],"_links":{"self":[{"href":"https:\/\/judo-tg04.de\/index.php\/wp-json\/wp\/v2\/pages\/2","targetHints":{"allow":["GET"]}}],"collection":[{"href":"https:\/\/judo-tg04.de\/index.php\/wp-json\/wp\/v2\/pages"}],"about":[{"href":"https:\/\/judo-tg04.de\/index.php\/wp-json\/wp\/v2\/types\/page"}],"author":[{"embeddable":true,"href":"https:\/\/judo-tg04.de\/index.php\/wp-json\/wp\/v2\/users\/1"}],"replies":[{"embeddable":true,"href":"https:\/\/judo-tg04.de\/index.php\/wp-json\/wp\/v2\/comments?post=2"}],"version-history":[{"count":76,"href":"https:\/\/judo-tg04.de\/index.php\/wp-json\/wp\/v2\/pages\/2\/revisions"}],"predecessor-version":[{"id":665,"href":"https:\/\/judo-tg04.de\/index.php\/wp-json\/wp\/v2\/pages\/2\/revisions\/665"}],"wp:attachment":[{"href":"https:\/\/judo-tg04.de\/index.php\/wp-json\/wp\/v2\/media?parent=2"}],"curies":[{"name":"wp","href":"https:\/\/api.w.org\/{rel}","templated":true}]}}